{"id":113,"date":"2022-01-23T21:53:58","date_gmt":"2022-01-23T20:53:58","guid":{"rendered":"https:\/\/praxis-goldammer.de\/?page_id=113"},"modified":"2024-08-25T13:32:01","modified_gmt":"2024-08-25T11:32:01","slug":"covid-19","status":"publish","type":"page","link":"https:\/\/praxis-goldammer.de\/?page_id=113","title":{"rendered":"Covid-19"},"content":{"rendered":"\n<p class=\"has-bright-red-color has-text-color\"><strong>Nach Auslaufen der Isolationspflicht entf\u00e4llt auch die gesonderte Infektionssprechstunde. <\/strong><br><br>Dennoch bitte wir Sie, folgendes zu beachten:<\/p>\n\n\n\n<p>Sofern Sie bei grippalen Symptomen selbstst\u00e4ndig einen Schnelltest durchgef\u00fchrt und ein positives Testergebnis erhalten haben, bitten wir Sie weiterhin freundlich um telefonische Voranmeldung, sodass wir Sie nach M\u00f6glichkeit nach der regul\u00e4ren Sprechstunde eintakten k\u00f6nnen.<\/p>\n\n\n\n<p style=\"line-height:1.5\"><\/p>\n\n\n\n<p><\/p>\n","protected":false},"excerpt":{"rendered":"<p>Nach Auslaufen der Isolationspflicht entf\u00e4llt auch die gesonderte Infektionssprechstunde. Dennoch bitte wir Sie, folgendes zu beachten: Sofern Sie bei grippalen Symptomen selbstst\u00e4ndig einen Schnelltest durchgef\u00fchrt und ein positives Testergebnis erhalten haben, bitten wir Sie weiterhin freundlich um telefonische Voranmeldung, sodass wir Sie nach M\u00f6glichkeit nach der regul\u00e4ren Sprechstunde eintakten k\u00f6nnen.<\/p>\n","protected":false},"author":1,"featured_media":0,"parent":0,"menu_order":0,"comment_status":"closed","ping_status":"closed","template":"","meta":{"footnotes":""},"class_list":["post-113","page","type-page","status-publish","hentry"],"_links":{"self":[{"href":"https:\/\/praxis-goldammer.de\/index.php?rest_route=\/wp\/v2\/pages\/113"}],"collection":[{"href":"https:\/\/praxis-goldammer.de\/index.php?rest_route=\/wp\/v2\/pages"}],"about":[{"href":"https:\/\/praxis-goldammer.de\/index.php?rest_route=\/wp\/v2\/types\/page"}],"author":[{"embeddable":true,"href":"https:\/\/praxis-goldammer.de\/index.php?rest_route=\/wp\/v2\/users\/1"}],"replies":[{"embeddable":true,"href":"https:\/\/praxis-goldammer.de\/index.php?rest_route=%2Fwp%2Fv2%2Fcomments&post=113"}],"version-history":[{"count":12,"href":"https:\/\/praxis-goldammer.de\/index.php?rest_route=\/wp\/v2\/pages\/113\/revisions"}],"predecessor-version":[{"id":209,"href":"https:\/\/praxis-goldammer.de\/index.php?rest_route=\/wp\/v2\/pages\/113\/revisions\/209"}],"wp:attachment":[{"href":"https:\/\/praxis-goldammer.de\/index.php?rest_route=%2Fwp%2Fv2%2Fmedia&parent=113"}],"curies":[{"name":"wp","href":"https:\/\/api.w.org\/{rel}","templated":true}]}}