{"id":12,"date":"2020-12-17T15:26:07","date_gmt":"2020-12-17T14:26:07","guid":{"rendered":"https:\/\/www.praxisgoldammer.de\/?page_id=12"},"modified":"2026-03-15T16:02:11","modified_gmt":"2026-03-15T15:02:11","slug":"leistungen","status":"publish","type":"page","link":"https:\/\/praxis-goldammer.de\/?page_id=12","title":{"rendered":"Leistungen"},"content":{"rendered":"\n<p>Unser oberstes Anliegen ist, Sie dabei zu unterst\u00fctzen, wieder gesund zu werden und gesund zu bleiben. <br>Im Rahmen der Diagnostik steht uns neben den &#8222;klassischen&#8220; Methoden der Inspektion, Palpation und Auskultation moderne Technik zur Verf\u00fcgung. So  geh\u00f6rt selbstverst\u00e4ndlich ein 12-Kanal EKG inkl. Ergometrie (Belastungs-EKG) sowie eine Spirometrie (Lungenfunktion) dazu. <br>Zuz\u00fcglich besteht die M\u00f6glichkeit der Langzeit-Blutdruckmessung zur Therapieoptimierung der Antihypertonika.<br>Mittels Sonographie (Ultraschall) f\u00fchren wir erweiterte Diagnostik des Bauchraums und der Schilddr\u00fcse durch.  <\/p>\n\n\n\n<p>Zur Erhaltung der Gesundheit bieten wir s\u00e4mtliche Vorsorgeuntersuchungen sowie die Impfungen nach Empfehlung der <a href=\"https:\/\/www.rki.de\/DE\/Content\/Kommissionen\/STIKO\/stiko_node.html\">STIKO<\/a> an. <br>Gerne beraten wir Sie hier auch bez\u00fcglich m\u00f6glicher und sinnvoller Impfungen bei Reisen in das Ausland.<\/p>\n\n\n\n<p>Auch f\u00fchren wir Eignungsuntersuchungen, zum Beispiel f\u00fcr den F\u00fchrerschein, durch. <\/p>\n\n\n\n<p>Ebenso k\u00f6nnen Sie sich bei uns tauchmedizinisch nach Empfehlungen der <a href=\"https:\/\/www.gtuem.org\/\">GT\u00dcM e.V.<\/a> untersuchen lassen. <\/p>\n\n\n\n<p>Sollten Fragen aufgekommen sein, k\u00f6nnen Sie gerne mit uns <a href=\"https:\/\/www.praxisgoldammer.de\/?page_id=16\" data-type=\"page\" data-id=\"16\">Kontakt<\/a> aufnehmen.<\/p>\n\n\n\n<p><strong><em>Bitte beachten Sie, dass s\u00e4mtliche Privatleistungen in bar beglichen werden m\u00fcssen &#8211; wir bieten keine EC oder Kreditkartenzahlung an!  <\/em><\/strong><\/p>\n\n\n\n<p><\/p>\n","protected":false},"excerpt":{"rendered":"<p>Unser oberstes Anliegen ist, Sie dabei zu unterst\u00fctzen, wieder gesund zu werden und gesund zu bleiben. Im Rahmen der Diagnostik steht uns neben den &#8222;klassischen&#8220; Methoden der Inspektion, Palpation und Auskultation moderne Technik zur Verf\u00fcgung. So geh\u00f6rt selbstverst\u00e4ndlich ein 12-Kanal EKG inkl. Ergometrie (Belastungs-EKG) sowie eine Spirometrie (Lungenfunktion) dazu. Zuz\u00fcglich besteht die M\u00f6glichkeit der Langzeit-Blutdruckmessung &hellip; <a href=\"https:\/\/praxis-goldammer.de\/?page_id=12\" class=\"more-link\"><span class=\"screen-reader-text\">\u201eLeistungen\u201c<\/span> weiterlesen<\/a><\/p>\n","protected":false},"author":1,"featured_media":0,"parent":0,"menu_order":0,"comment_status":"closed","ping_status":"closed","template":"","meta":{"footnotes":""},"class_list":["post-12","page","type-page","status-publish","hentry"],"_links":{"self":[{"href":"https:\/\/praxis-goldammer.de\/index.php?rest_route=\/wp\/v2\/pages\/12"}],"collection":[{"href":"https:\/\/praxis-goldammer.de\/index.php?rest_route=\/wp\/v2\/pages"}],"about":[{"href":"https:\/\/praxis-goldammer.de\/index.php?rest_route=\/wp\/v2\/types\/page"}],"author":[{"embeddable":true,"href":"https:\/\/praxis-goldammer.de\/index.php?rest_route=\/wp\/v2\/users\/1"}],"replies":[{"embeddable":true,"href":"https:\/\/praxis-goldammer.de\/index.php?rest_route=%2Fwp%2Fv2%2Fcomments&post=12"}],"version-history":[{"count":10,"href":"https:\/\/praxis-goldammer.de\/index.php?rest_route=\/wp\/v2\/pages\/12\/revisions"}],"predecessor-version":[{"id":229,"href":"https:\/\/praxis-goldammer.de\/index.php?rest_route=\/wp\/v2\/pages\/12\/revisions\/229"}],"wp:attachment":[{"href":"https:\/\/praxis-goldammer.de\/index.php?rest_route=%2Fwp%2Fv2%2Fmedia&parent=12"}],"curies":[{"name":"wp","href":"https:\/\/api.w.org\/{rel}","templated":true}]}}