{"id":140,"date":"2023-01-03T06:38:57","date_gmt":"2023-01-03T05:38:57","guid":{"rendered":"https:\/\/praxis-goldammer.de\/?page_id=140"},"modified":"2025-01-05T12:19:44","modified_gmt":"2025-01-05T11:19:44","slug":"sprechzeiten","status":"publish","type":"page","link":"https:\/\/praxis-goldammer.de\/?page_id=140","title":{"rendered":"Sprechzeiten"},"content":{"rendered":"\n<p>Um die Akutsprechstunde zu entlasten und Wartezeiten zu optimieren, bitten wir <strong><em>grunds\u00e4tzlich <\/em><\/strong>um pers\u00f6nliche oder telefonische Anmeldung. <br>Sie k\u00f6nnen uns ebenfalls eine Nachricht \u00fcber das <a href=\"https:\/\/praxis-goldammer.de\/?page_id=16\" data-type=\"page\" data-id=\"16\">Kontaktformular<\/a> senden, <br>bitte beachten Sie dabei, dass WhatsApp-Nachrichten oder e-Mails erst nach den Vormittags-Sprechstunden beantwortet werden k\u00f6nnen!<br><strong>Die Voranmeldung hat vormittags bis 10 Uhr, nachmittags bis 17 Uhr zu erfolgen<\/strong> &#8211; Nur so kann eine <em>effiziente <\/em>Sprechstundengestaltung sichergestellt werden.<\/p>\n\n\n\n<p>Bitte beachten Sie, dass ohne Voranmeldung eine Konsultation nicht mit Sicherheit gew\u00e4hrleitstet werden kann!<\/p>\n\n\n\n<p>Planbare Untersuchungen, d.h. Check-Ups, Tauchsportuntersuchungen, Ergometrie, Lungenfunktion und sonstige Attestierungen oder das Ausf\u00fcllen von Antr\u00e4gen erfolgen nur noch <em>nach  Terminvergab<\/em>e montags sowie dienstags von 13-16 Uhr.<\/p>\n\n\n\n<p>Zur Terminvergabe k\u00f6nnen Sie neben der klassischen telefonischen Anmeldung auch gerne das <a href=\"https:\/\/praxis-goldammer.de\/?page_id=16\" data-type=\"page\" data-id=\"16\">Kontaktformular <\/a>nutzen. <\/p>\n","protected":false},"excerpt":{"rendered":"<p>Um die Akutsprechstunde zu entlasten und Wartezeiten zu optimieren, bitten wir grunds\u00e4tzlich um pers\u00f6nliche oder telefonische Anmeldung. Sie k\u00f6nnen uns ebenfalls eine Nachricht \u00fcber das Kontaktformular senden, bitte beachten Sie dabei, dass WhatsApp-Nachrichten oder e-Mails erst nach den Vormittags-Sprechstunden beantwortet werden k\u00f6nnen!Die Voranmeldung hat vormittags bis 10 Uhr, nachmittags bis 17 Uhr zu erfolgen &#8211; &hellip; <a href=\"https:\/\/praxis-goldammer.de\/?page_id=140\" class=\"more-link\"><span class=\"screen-reader-text\">\u201eSprechzeiten\u201c<\/span> weiterlesen<\/a><\/p>\n","protected":false},"author":1,"featured_media":0,"parent":0,"menu_order":0,"comment_status":"closed","ping_status":"closed","template":"","meta":{"footnotes":""},"class_list":["post-140","page","type-page","status-publish","hentry"],"_links":{"self":[{"href":"https:\/\/praxis-goldammer.de\/index.php?rest_route=\/wp\/v2\/pages\/140"}],"collection":[{"href":"https:\/\/praxis-goldammer.de\/index.php?rest_route=\/wp\/v2\/pages"}],"about":[{"href":"https:\/\/praxis-goldammer.de\/index.php?rest_route=\/wp\/v2\/types\/page"}],"author":[{"embeddable":true,"href":"https:\/\/praxis-goldammer.de\/index.php?rest_route=\/wp\/v2\/users\/1"}],"replies":[{"embeddable":true,"href":"https:\/\/praxis-goldammer.de\/index.php?rest_route=%2Fwp%2Fv2%2Fcomments&post=140"}],"version-history":[{"count":17,"href":"https:\/\/praxis-goldammer.de\/index.php?rest_route=\/wp\/v2\/pages\/140\/revisions"}],"predecessor-version":[{"id":224,"href":"https:\/\/praxis-goldammer.de\/index.php?rest_route=\/wp\/v2\/pages\/140\/revisions\/224"}],"wp:attachment":[{"href":"https:\/\/praxis-goldammer.de\/index.php?rest_route=%2Fwp%2Fv2%2Fmedia&parent=140"}],"curies":[{"name":"wp","href":"https:\/\/api.w.org\/{rel}","templated":true}]}}