{"id":16,"date":"2020-12-17T15:26:55","date_gmt":"2020-12-17T14:26:55","guid":{"rendered":"https:\/\/www.praxisgoldammer.de\/?page_id=16"},"modified":"2026-03-15T16:06:06","modified_gmt":"2026-03-15T15:06:06","slug":"kontakt","status":"publish","type":"page","link":"https:\/\/praxis-goldammer.de\/?page_id=16","title":{"rendered":"Kontakt"},"content":{"rendered":"\n<p>Wir m\u00f6chten Ihnen hier die M\u00f6glichkeit geben, mit uns in Kontakt treten zu k\u00f6nnen. Nutzen Sie bitte einfach das nachfolgende Kontaktformular. <br>Falls Sie eine \u00dcberweisung oder ein Rezept ben\u00f6tigen, w\u00e4hlen Sie dies bitte entsprechend aus.<\/p>\n\n\n\n<p>Alternativ finden Sie unsere e-Mail Adresse auf der rechten Seite. <\/p>\n\n\n\n<p>Sofern Sie die Telefonnummer der Praxis (06402 &#8211; 9629) in Ihrem Telefon gespeichert haben, steht Ihnen auch die M\u00f6glichkeit zur Verf\u00fcgung, uns \u00fcber WhatsApp zu kontaktieren. <br>Bitte geben Sie hier unbedingt Ihren vollen Namen an, da wir Kontakte aus Gr\u00fcnden des Datenschutzes nicht speichern. <\/p>\n\n\n\n<p><\/p>\n\n\n\n<div class=\"wp-block-contact-form-7-contact-form-selector\">\n<div class=\"wpcf7 no-js\" id=\"wpcf7-f70-o1\" lang=\"de-DE\" dir=\"ltr\">\n<div class=\"screen-reader-response\"><p role=\"status\" aria-live=\"polite\" aria-atomic=\"true\"><\/p> <ul><\/ul><\/div>\n<form action=\"\/index.php?rest_route=%2Fwp%2Fv2%2Fpages%2F16#wpcf7-f70-o1\" method=\"post\" class=\"wpcf7-form init\" aria-label=\"Kontaktformular\" novalidate=\"novalidate\" data-status=\"init\">\n<div style=\"display: none;\">\n<input type=\"hidden\" name=\"_wpcf7\" value=\"70\" \/>\n<input type=\"hidden\" name=\"_wpcf7_version\" value=\"5.9.8\" \/>\n<input type=\"hidden\" name=\"_wpcf7_locale\" value=\"de_DE\" \/>\n<input type=\"hidden\" name=\"_wpcf7_unit_tag\" value=\"wpcf7-f70-o1\" \/>\n<input type=\"hidden\" name=\"_wpcf7_container_post\" value=\"0\" \/>\n<input type=\"hidden\" name=\"_wpcf7_posted_data_hash\" value=\"\" \/>\n<input type=\"hidden\" name=\"_wpcf7_recaptcha_response\" value=\"\" \/>\n<\/div>\n<p><label> Ihr Name<br \/>\n<span class=\"wpcf7-form-control-wrap\" data-name=\"your-name\"><input size=\"40\" maxlength=\"400\" class=\"wpcf7-form-control wpcf7-text wpcf7-validates-as-required\" aria-required=\"true\" aria-invalid=\"false\" value=\"\" type=\"text\" name=\"your-name\" \/><\/span> <\/label>\n<\/p>\n<p><label> e-Mail Adresse<br \/>\n<span class=\"wpcf7-form-control-wrap\" data-name=\"your-email\"><input size=\"40\" maxlength=\"400\" class=\"wpcf7-form-control wpcf7-email wpcf7-validates-as-required wpcf7-text wpcf7-validates-as-email\" aria-required=\"true\" aria-invalid=\"false\" value=\"\" type=\"email\" name=\"your-email\" \/><\/span> <\/label>\n<\/p>\n<p><label> Betreff<br \/>\n<span class=\"wpcf7-form-control-wrap\" data-name=\"subject\"><select class=\"wpcf7-form-control wpcf7-select wpcf7-validates-as-required\" aria-required=\"true\" aria-invalid=\"false\" name=\"subject\"><option value=\"Allgemeine Anfrage\">Allgemeine Anfrage<\/option><option value=\"Terminvereinbarung\">Terminvereinbarung<\/option><option value=\"Rezept\">Rezept<\/option><option value=\"\u00dcberweisung\">\u00dcberweisung<\/option><\/select><\/span><br \/>\n<\/label>\n<\/p>\n<p><label> Nachricht<br \/>\n<span class=\"wpcf7-form-control-wrap\" data-name=\"your-message\"><textarea cols=\"40\" rows=\"10\" maxlength=\"2000\" class=\"wpcf7-form-control wpcf7-textarea wpcf7-validates-as-required\" aria-required=\"true\" aria-invalid=\"false\" name=\"your-message\"><\/textarea><\/span> <\/label>\n<\/p>\n<p><label>Antispam Abfrage, bitte geben Sie das Ergebnis ein:<br \/>\n<span class=\"wpcf7-form-control-wrap\" data-name=\"antispam\"><label><span class=\"wpcf7-quiz-label\">3+3<\/span> <input size=\"40\" class=\"wpcf7-form-control wpcf7-quiz\" autocomplete=\"off\" aria-required=\"true\" aria-invalid=\"false\" type=\"text\" name=\"antispam\" \/><\/label><input type=\"hidden\" name=\"_wpcf7_quiz_answer_antispam\" value=\"d78b51ad841ce97a50efd551b740b66a\" \/><\/span><br \/>\n<\/label>\n<\/p>\n<p><input class=\"wpcf7-form-control wpcf7-submit has-spinner\" type=\"submit\" value=\"Abschicken\" \/>\n<\/p><div class=\"wpcf7-response-output\" aria-hidden=\"true\"><\/div>\n<\/form>\n<\/div>\n<\/div>\n\n\n\n<p><\/p>\n","protected":false},"excerpt":{"rendered":"<p>Wir m\u00f6chten Ihnen hier die M\u00f6glichkeit geben, mit uns in Kontakt treten zu k\u00f6nnen. Nutzen Sie bitte einfach das nachfolgende Kontaktformular. Falls Sie eine \u00dcberweisung oder ein Rezept ben\u00f6tigen, w\u00e4hlen Sie dies bitte entsprechend aus. Alternativ finden Sie unsere e-Mail Adresse auf der rechten Seite. Sofern Sie die Telefonnummer der Praxis (06402 &#8211; 9629) in &hellip; <a href=\"https:\/\/praxis-goldammer.de\/?page_id=16\" class=\"more-link\"><span class=\"screen-reader-text\">\u201eKontakt\u201c<\/span> weiterlesen<\/a><\/p>\n","protected":false},"author":1,"featured_media":0,"parent":0,"menu_order":0,"comment_status":"closed","ping_status":"closed","template":"","meta":{"footnotes":""},"class_list":["post-16","page","type-page","status-publish","hentry"],"_links":{"self":[{"href":"https:\/\/praxis-goldammer.de\/index.php?rest_route=\/wp\/v2\/pages\/16"}],"collection":[{"href":"https:\/\/praxis-goldammer.de\/index.php?rest_route=\/wp\/v2\/pages"}],"about":[{"href":"https:\/\/praxis-goldammer.de\/index.php?rest_route=\/wp\/v2\/types\/page"}],"author":[{"embeddable":true,"href":"https:\/\/praxis-goldammer.de\/index.php?rest_route=\/wp\/v2\/users\/1"}],"replies":[{"embeddable":true,"href":"https:\/\/praxis-goldammer.de\/index.php?rest_route=%2Fwp%2Fv2%2Fcomments&post=16"}],"version-history":[{"count":7,"href":"https:\/\/praxis-goldammer.de\/index.php?rest_route=\/wp\/v2\/pages\/16\/revisions"}],"predecessor-version":[{"id":233,"href":"https:\/\/praxis-goldammer.de\/index.php?rest_route=\/wp\/v2\/pages\/16\/revisions\/233"}],"wp:attachment":[{"href":"https:\/\/praxis-goldammer.de\/index.php?rest_route=%2Fwp%2Fv2%2Fmedia&parent=16"}],"curies":[{"name":"wp","href":"https:\/\/api.w.org\/{rel}","templated":true}]}}