{"id":171,"date":"2024-03-09T16:56:38","date_gmt":"2024-03-09T15:56:38","guid":{"rendered":"https:\/\/praxis-goldammer.de\/?page_id=171"},"modified":"2025-01-05T12:50:43","modified_gmt":"2025-01-05T11:50:43","slug":"tauchtauglichkeit","status":"publish","type":"page","link":"https:\/\/praxis-goldammer.de\/?page_id=171","title":{"rendered":"Tauchtauglichkeit"},"content":{"rendered":"\n<p>Wir gehen selbst gerne Tauchen &#8211; begonnen haben wir mit dem klassischen Sporttauchen und uns dann weiter in Richtung des technischen Bereiches bewegt. Dies betrifft sowohl das Tauchen mit Mischgasen (Trimix) als auch das H\u00f6hlentauchen.<\/p>\n\n\n\n<p>Somit lag es nahe, medizinische berufliche Interessen und die Freude an diesem sch\u00f6nen Hobby miteinander zu kombinieren und sich im Rahmen der Gesellschaft f\u00fcr Tauch- und \u00dcberdruckmedizin fortbilden und zertifizieren zu lassen.<\/p>\n\n\n\n<p>Wir bieten somit die tauchsportliche Untersuchung (&#8222;TTU&#8220;) entsprechend der Empfehlungen der <a href=\"https:\/\/www.gtuem.org\/\" data-type=\"link\" data-id=\"https:\/\/www.gtuem.org\/\" target=\"_blank\" rel=\"noreferrer noopener\">GT\u00dcM e.V.<\/a> an. <br>Inhalt der Tauchtauglichkeit ist neben der Anamnese und k\u00f6rperlichen Untersuchung eine Blutentnahme sowie die Spirometrie und Ergometrie. <br>Ergeben sich hieraus weitere diagnostische Notwendigkeiten, leiten wir jene gerne mit Ihnen gemeinsam in die Wege.<\/p>\n\n\n\n<p>Oberstes Ziel ist am Ende Ihre medizinische Sicherheit und weiterhin viel Freude und Erfolg bei diesem \u00fcberaus sch\u00f6nen Hobby.<\/p>\n\n\n\n<p>Ben\u00f6tigen Sie einen Termin zur Tauchtauglichkeits-Untersuchung, sprechen Sie uns gerne an oder nutzen Sie das <a href=\"https:\/\/praxis-goldammer.de\/?page_id=171\" data-type=\"page\" data-id=\"171\">Kontaktformular<\/a>.<\/p>\n\n\n\n<p><\/p>\n","protected":false},"excerpt":{"rendered":"<p>Wir gehen selbst gerne Tauchen &#8211; begonnen haben wir mit dem klassischen Sporttauchen und uns dann weiter in Richtung des technischen Bereiches bewegt. Dies betrifft sowohl das Tauchen mit Mischgasen (Trimix) als auch das H\u00f6hlentauchen. Somit lag es nahe, medizinische berufliche Interessen und die Freude an diesem sch\u00f6nen Hobby miteinander zu kombinieren und sich im &hellip; <a href=\"https:\/\/praxis-goldammer.de\/?page_id=171\" class=\"more-link\"><span class=\"screen-reader-text\">\u201eTauchtauglichkeit\u201c<\/span> weiterlesen<\/a><\/p>\n","protected":false},"author":1,"featured_media":0,"parent":0,"menu_order":0,"comment_status":"closed","ping_status":"closed","template":"","meta":{"footnotes":""},"class_list":["post-171","page","type-page","status-publish","hentry"],"_links":{"self":[{"href":"https:\/\/praxis-goldammer.de\/index.php?rest_route=\/wp\/v2\/pages\/171"}],"collection":[{"href":"https:\/\/praxis-goldammer.de\/index.php?rest_route=\/wp\/v2\/pages"}],"about":[{"href":"https:\/\/praxis-goldammer.de\/index.php?rest_route=\/wp\/v2\/types\/page"}],"author":[{"embeddable":true,"href":"https:\/\/praxis-goldammer.de\/index.php?rest_route=\/wp\/v2\/users\/1"}],"replies":[{"embeddable":true,"href":"https:\/\/praxis-goldammer.de\/index.php?rest_route=%2Fwp%2Fv2%2Fcomments&post=171"}],"version-history":[{"count":13,"href":"https:\/\/praxis-goldammer.de\/index.php?rest_route=\/wp\/v2\/pages\/171\/revisions"}],"predecessor-version":[{"id":227,"href":"https:\/\/praxis-goldammer.de\/index.php?rest_route=\/wp\/v2\/pages\/171\/revisions\/227"}],"wp:attachment":[{"href":"https:\/\/praxis-goldammer.de\/index.php?rest_route=%2Fwp%2Fv2%2Fmedia&parent=171"}],"curies":[{"name":"wp","href":"https:\/\/api.w.org\/{rel}","templated":true}]}}