{"id":21,"date":"2020-12-17T15:28:40","date_gmt":"2020-12-17T14:28:40","guid":{"rendered":"https:\/\/www.praxisgoldammer.de\/?page_id=21"},"modified":"2020-12-17T21:00:57","modified_gmt":"2020-12-17T20:00:57","slug":"impressum","status":"publish","type":"page","link":"https:\/\/praxis-goldammer.de\/?page_id=21","title":{"rendered":"Impressum"},"content":{"rendered":"\n<p>Unsere Datenschutzerkl\u00e4rung finden Sie <a href=\"https:\/\/www.praxisgoldammer.de\/?page_id=97\" data-type=\"page\" data-id=\"97\">hier<\/a>.<\/p>\n\n\n\n<p><em>Anbieter dieser Internetseite ist:<\/em><\/p>\n\n\n\n<p>Dipl.-med. Martin Goldammer<br>Oberndorfer Stra\u00dfe 43<br>35410 Hungen &#8211; Rodheim<\/p>\n\n\n\n<p>Tel.: 06402 &#8211; 9629<br>Fax: 06402 &#8211; 3101<\/p>\n\n\n\n<p>e-Mail: info @ praxisgoldammer.de<\/p>\n\n\n\n<p><em>Dipl.-med. Martin Goldammer&nbsp;ist&nbsp;Mitglied der \u00c4rztekammer Hessen, Hanauer Landstra\u00dfe 152, 60314 Frankfurt. Er f\u00fchrt die Berufsbezeichnung Arzt, die in der Bundesrepublik Deutschland verliehen wurde<a rel=\"noreferrer noopener\" href=\"http:\/\/muster-impressum.de\/vorlagen\/musterimpressum-fuer-einen-arzt\/\" target=\"_blank\">.<\/a><\/em><\/p>\n\n\n\n<p><em>Die Berufsordnung der \u00c4rztekammer Hessen ist <a href=\"https:\/\/www.laekh.de\/fileadmin\/user_upload\/Aerzte\/Rund_ums_Recht\/Rechtsquellen\/Berufsordnung.pdf\">hier<\/a> einsehbar. Weitere berufsrechtliche Regeln sind die Bundes\u00e4rzteordnung&nbsp;und die Approbationsordnung f\u00fcr \u00c4rzte; diese sind <a href=\"https:\/\/www.laekh.de\/fuer-aerztinnen-und-aerzte\/rund-ums-recht\/rechtsquellen\">hier<\/a> einsehbar<\/em>.<\/p>\n\n\n\n<p><em>Inhaltlich Verantwortlicher gem\u00e4\u00df \u00a7 55 Abs<a rel=\"noreferrer noopener\" href=\"http:\/\/muster-impressum.de\/vorlagen\/musterimpressum-fuer-einen-arzt\/\" target=\"_blank\">.<\/a>&nbsp;2 RStV:&nbsp; <\/em>Dipl.-med. Martin Goldammer<\/p>\n\n\n\n<p><\/p>\n\n\n\n<p><em>Quelle:&nbsp;<a href=\"http:\/\/www.muster-impressum.de\/\">http:\/\/www.muster-impressum.de<\/a><\/em><\/p>\n","protected":false},"excerpt":{"rendered":"<p>Unsere Datenschutzerkl\u00e4rung finden Sie hier. Anbieter dieser Internetseite ist: Dipl.-med. Martin GoldammerOberndorfer Stra\u00dfe 4335410 Hungen &#8211; Rodheim Tel.: 06402 &#8211; 9629Fax: 06402 &#8211; 3101 e-Mail: info @ praxisgoldammer.de Dipl.-med. Martin Goldammer&nbsp;ist&nbsp;Mitglied der \u00c4rztekammer Hessen, Hanauer Landstra\u00dfe 152, 60314 Frankfurt. Er f\u00fchrt die Berufsbezeichnung Arzt, die in der Bundesrepublik Deutschland verliehen wurde. Die Berufsordnung der \u00c4rztekammer &hellip; <a href=\"https:\/\/praxis-goldammer.de\/?page_id=21\" class=\"more-link\"><span class=\"screen-reader-text\">\u201eImpressum\u201c<\/span> weiterlesen<\/a><\/p>\n","protected":false},"author":1,"featured_media":0,"parent":0,"menu_order":0,"comment_status":"closed","ping_status":"closed","template":"","meta":{"footnotes":""},"class_list":["post-21","page","type-page","status-publish","hentry"],"_links":{"self":[{"href":"https:\/\/praxis-goldammer.de\/index.php?rest_route=\/wp\/v2\/pages\/21"}],"collection":[{"href":"https:\/\/praxis-goldammer.de\/index.php?rest_route=\/wp\/v2\/pages"}],"about":[{"href":"https:\/\/praxis-goldammer.de\/index.php?rest_route=\/wp\/v2\/types\/page"}],"author":[{"embeddable":true,"href":"https:\/\/praxis-goldammer.de\/index.php?rest_route=\/wp\/v2\/users\/1"}],"replies":[{"embeddable":true,"href":"https:\/\/praxis-goldammer.de\/index.php?rest_route=%2Fwp%2Fv2%2Fcomments&post=21"}],"version-history":[{"count":9,"href":"https:\/\/praxis-goldammer.de\/index.php?rest_route=\/wp\/v2\/pages\/21\/revisions"}],"predecessor-version":[{"id":102,"href":"https:\/\/praxis-goldammer.de\/index.php?rest_route=\/wp\/v2\/pages\/21\/revisions\/102"}],"wp:attachment":[{"href":"https:\/\/praxis-goldammer.de\/index.php?rest_route=%2Fwp%2Fv2%2Fmedia&parent=21"}],"curies":[{"name":"wp","href":"https:\/\/api.w.org\/{rel}","templated":true}]}}