{"id":7,"date":"2020-12-17T15:19:00","date_gmt":"2020-12-17T14:19:00","guid":{"rendered":"https:\/\/www.praxisgoldammer.de\/?page_id=7"},"modified":"2024-08-25T13:36:51","modified_gmt":"2024-08-25T11:36:51","slug":"home","status":"publish","type":"page","link":"https:\/\/praxis-goldammer.de\/","title":{"rendered":"Home"},"content":{"rendered":"\n<p>Sehr geehrte Patienten, <br>willkommen auf den Seiten der Praxis Goldammer. <br>Wir m\u00f6chten Ihnen hier die M\u00f6glichkeit geben, sich \u00fcber die Praxis und unsere medizinischen Leistungen zu informieren. Selbstverst\u00e4ndlich finden Sie hier ebenfalls alle notwendigen Adressen und Telefonnummern, um mit uns in Kontakt treten zu k\u00f6nnen. <br>Des Weiteren werden wir Sie hier \u00fcber eventuelle \u00c4nderungen im betrieblichen Ablauf informieren.<\/p>\n\n\n\n<p class=\"has-bright-red-color has-text-color\">Bitte beachten Sie die <a href=\"https:\/\/praxis-goldammer.de\/?page_id=140\" data-type=\"page\" data-id=\"140\"><strong>Organisation der Sprechzeiten<\/strong><\/a>.<\/p>\n\n\n\n<p>Bei Fragen z\u00f6gern Sie bitte nicht, mit uns in Kontakt zu treten.<\/p>\n\n\n\n<p>Ihre Mitarbeiter der Praxis Goldammer. <\/p>\n","protected":false},"excerpt":{"rendered":"<p>Sehr geehrte Patienten, willkommen auf den Seiten der Praxis Goldammer. Wir m\u00f6chten Ihnen hier die M\u00f6glichkeit geben, sich \u00fcber die Praxis und unsere medizinischen Leistungen zu informieren. Selbstverst\u00e4ndlich finden Sie hier ebenfalls alle notwendigen Adressen und Telefonnummern, um mit uns in Kontakt treten zu k\u00f6nnen. Des Weiteren werden wir Sie hier \u00fcber eventuelle \u00c4nderungen im &hellip; <a href=\"https:\/\/praxis-goldammer.de\/\" class=\"more-link\"><span class=\"screen-reader-text\">\u201eHome\u201c<\/span> weiterlesen<\/a><\/p>\n","protected":false},"author":1,"featured_media":0,"parent":0,"menu_order":0,"comment_status":"closed","ping_status":"closed","template":"","meta":{"footnotes":""},"class_list":["post-7","page","type-page","status-publish","hentry"],"_links":{"self":[{"href":"https:\/\/praxis-goldammer.de\/index.php?rest_route=\/wp\/v2\/pages\/7"}],"collection":[{"href":"https:\/\/praxis-goldammer.de\/index.php?rest_route=\/wp\/v2\/pages"}],"about":[{"href":"https:\/\/praxis-goldammer.de\/index.php?rest_route=\/wp\/v2\/types\/page"}],"author":[{"embeddable":true,"href":"https:\/\/praxis-goldammer.de\/index.php?rest_route=\/wp\/v2\/users\/1"}],"replies":[{"embeddable":true,"href":"https:\/\/praxis-goldammer.de\/index.php?rest_route=%2Fwp%2Fv2%2Fcomments&post=7"}],"version-history":[{"count":20,"href":"https:\/\/praxis-goldammer.de\/index.php?rest_route=\/wp\/v2\/pages\/7\/revisions"}],"predecessor-version":[{"id":214,"href":"https:\/\/praxis-goldammer.de\/index.php?rest_route=\/wp\/v2\/pages\/7\/revisions\/214"}],"wp:attachment":[{"href":"https:\/\/praxis-goldammer.de\/index.php?rest_route=%2Fwp%2Fv2%2Fmedia&parent=7"}],"curies":[{"name":"wp","href":"https:\/\/api.w.org\/{rel}","templated":true}]}}