{"id":97,"date":"2020-12-17T20:45:34","date_gmt":"2020-12-17T19:45:34","guid":{"rendered":"https:\/\/www.praxisgoldammer.de\/?page_id=97"},"modified":"2020-12-17T20:49:08","modified_gmt":"2020-12-17T19:49:08","slug":"datenschutzerklaerung-2","status":"publish","type":"page","link":"https:\/\/praxis-goldammer.de\/?page_id=97","title":{"rendered":"Datenschutzerkl\u00e4rung"},"content":{"rendered":"\n<p>Sehr geehrter Besucher unserer Internetseite,<br>wir m\u00f6chten Sie dar\u00fcber informieren, dass beim Besuch unserer Website personenbezogene Daten erhoben werden. Zu den personenbezogenen Daten geh\u00f6ren alle Daten, die auf Sie pers\u00f6nlich beziehbar sind (z. B. Name, E-Mail-Adresse, IP-Adresse, Nutzerverhalten).<\/p>\n\n\n\n<ol class=\"wp-block-list\"><li>Datenschutzverantwortlicher:<br>F\u00fcr den Datenschutz ist in unserer Praxis verantwortlich:<br>Praxisinhaber Herr Dipl.-med. Martin Goldammer.<br>Oberndorfer Stra\u00dfe 43, 35410 Hungen &#8211; Rodheim. <br>Tel.: 06402 &#8211; 9629<br>Fax: 06402 &#8211; 3101<br>e-Mail: info @ praxisgoldammer.de<\/li><li>Bereitstellung der Website und Erstellung von Logfiles:<br>Unsere Website dient ausschlie\u00dflich der Bereitstellung von Informationen \u00fcber unsere Praxis, unser Behandlungsspektrum und therapeutische M\u00f6glichkeiten bei verschiedenen Erkrankungen. Bei jedem Aufruf unserer Internetseite erfasst unser System automatisiert Daten und Informationen vom Computersystem des aufrufenden Rechners.<br>Folgende Daten werden hierbei erhoben:<br>o IP-Adresse des Nutzers<br>o Datum und Uhrzeit der Anfrage sowie Zeitzone<br>o Inhalt der Anforderung (konkrete Seite)<br>o Website, von der die Anforderung kommt<br>o Art des Browsers sowie dessen Sprache und Version<br>o Betriebssystem<br>o Zugriffstatus\/http-Statuscode<br>o \u00dcbertragene Datenmenge<br>Die Daten werden in Logfiles unseres Systems gespeichert. Die Erhebung dieser Daten ist notwendig, damit Sie unsere Website angezeigt bekommen und auf ihr navigieren k\u00f6nnen.<br>Rechtsgrundlage f\u00fcr die Erhebung und vor\u00fcbergehende Speicherung der Daten ist Art. 6 Abs. 1 lit. f DSGVO. Die L\u00f6schung dieser Daten erfolgt, wenn diese nicht mehr zur Bereitstellung der Website erforderlich sind bzw. die jeweilige Sitzung beendet ist.<\/li><li>Ihre Rechte:<br>Sie haben nach der DSGVO die folgenden Rechte hinsichtlich der von uns \u00fcber Sie verarbeiteten personenbezogenen Daten:<br>o Sie haben das Recht, \u00fcber die Sie betreffenden personenbezogenen Daten Auskunft zu erhalten. Auch k\u00f6nnen Sie die Berichtigung unrichtiger Daten verlangen.<br>o Dar\u00fcber hinaus steht Ihnen unter bestimmten Voraussetzungen das Recht auf L\u00f6schung von Daten, das Recht auf Einschr\u00e4nkung der Datenverarbeitung sowie das Recht auf Daten\u00fcbertragbarkeit zu.<br>o Die Verarbeitung Ihrer Daten erfolgt auf Basis von gesetzlichen Berechtigungen oder &#8211;  wo solche nicht bestehen &#8211; auf der Basis einer von Ihnen erteilten Einwilligung. Im letzteren Fall haben Sie das Recht, die Einwilligung jederzeit f\u00fcr die zuk\u00fcnftige Verarbeitung zu widerrufen.<br>o Sie haben ferner das Recht, sich bei der f\u00fcr den Datenschutz zust\u00e4ndigen Aufsichtsbeh\u00f6rde zu beschweren, wenn Sie der Ansicht sind, dass die Verarbeitung Ihrer personenbezogenen Daten nicht rechtm\u00e4\u00dfig erfolgt.<br><br>Die Anschrift der f\u00fcr uns zust\u00e4ndigen Aufsichtsbeh\u00f6rde lautet:<br>Berliner Beauftragte f\u00fcr Datenschutz und Informationsfreiheit,<br>Friedrichstra\u00dfe 219, 10969 Berlin,<br>Telefon: 030-138890.<\/li><\/ol>\n","protected":false},"excerpt":{"rendered":"<p>Sehr geehrter Besucher unserer Internetseite,wir m\u00f6chten Sie dar\u00fcber informieren, dass beim Besuch unserer Website personenbezogene Daten erhoben werden. Zu den personenbezogenen Daten geh\u00f6ren alle Daten, die auf Sie pers\u00f6nlich beziehbar sind (z. B. Name, E-Mail-Adresse, IP-Adresse, Nutzerverhalten). Datenschutzverantwortlicher:F\u00fcr den Datenschutz ist in unserer Praxis verantwortlich:Praxisinhaber Herr Dipl.-med. Martin Goldammer.Oberndorfer Stra\u00dfe 43, 35410 Hungen &#8211; Rodheim. &hellip; <a href=\"https:\/\/praxis-goldammer.de\/?page_id=97\" class=\"more-link\"><span class=\"screen-reader-text\">\u201eDatenschutzerkl\u00e4rung\u201c<\/span> weiterlesen<\/a><\/p>\n","protected":false},"author":1,"featured_media":0,"parent":0,"menu_order":0,"comment_status":"closed","ping_status":"closed","template":"","meta":{"footnotes":""},"class_list":["post-97","page","type-page","status-publish","hentry"],"_links":{"self":[{"href":"https:\/\/praxis-goldammer.de\/index.php?rest_route=\/wp\/v2\/pages\/97"}],"collection":[{"href":"https:\/\/praxis-goldammer.de\/index.php?rest_route=\/wp\/v2\/pages"}],"about":[{"href":"https:\/\/praxis-goldammer.de\/index.php?rest_route=\/wp\/v2\/types\/page"}],"author":[{"embeddable":true,"href":"https:\/\/praxis-goldammer.de\/index.php?rest_route=\/wp\/v2\/users\/1"}],"replies":[{"embeddable":true,"href":"https:\/\/praxis-goldammer.de\/index.php?rest_route=%2Fwp%2Fv2%2Fcomments&post=97"}],"version-history":[{"count":2,"href":"https:\/\/praxis-goldammer.de\/index.php?rest_route=\/wp\/v2\/pages\/97\/revisions"}],"predecessor-version":[{"id":100,"href":"https:\/\/praxis-goldammer.de\/index.php?rest_route=\/wp\/v2\/pages\/97\/revisions\/100"}],"wp:attachment":[{"href":"https:\/\/praxis-goldammer.de\/index.php?rest_route=%2Fwp%2Fv2%2Fmedia&parent=97"}],"curies":[{"name":"wp","href":"https:\/\/api.w.org\/{rel}","templated":true}]}}